{"id":15,"date":"2021-05-05T16:37:44","date_gmt":"2021-05-05T16:37:44","guid":{"rendered":"https:\/\/senilife.gwdeveloping.com\/?page_id=15"},"modified":"2024-07-31T12:35:11","modified_gmt":"2024-07-31T12:35:11","slug":"senilife","status":"publish","type":"page","link":"https:\/\/senilife.pt\/","title":{"rendered":"Senilife"},"content":{"rendered":"\t\t<div data-elementor-type=\"wp-page\" data-elementor-id=\"15\" class=\"elementor elementor-15\" data-elementor-post-type=\"page\">\n\t\t\t\t\t\t<section class=\"elementor-section elementor-top-section elementor-element elementor-element-ab296f7 elementor-section-boxed elementor-section-height-default elementor-section-height-default\" data-id=\"ab296f7\" data-element_type=\"section\" data-e-type=\"section\" data-settings=\"{&quot;background_background&quot;:&quot;classic&quot;}\">\n\t\t\t\t\t\t\t<div class=\"elementor-background-overlay\"><\/div>\n\t\t\t\t\t\t\t<div class=\"elementor-container elementor-column-gap-default\">\n\t\t\t\t\t<div class=\"elementor-column elementor-col-100 elementor-top-column elementor-element elementor-element-e281881\" data-id=\"e281881\" data-element_type=\"column\" data-e-type=\"column\">\n\t\t\t<div class=\"elementor-widget-wrap elementor-element-populated\">\n\t\t\t\t\t\t<div class=\"elementor-element elementor-element-06b8f25 elementor-widget elementor-widget-heading\" data-id=\"06b8f25\" data-element_type=\"widget\" data-e-type=\"widget\" data-widget_type=\"heading.default\">\n\t\t\t\t<div class=\"elementor-widget-container\">\n\t\t\t\t\t<h2 class=\"elementor-heading-title elementor-size-default\">Ajudamos<br> a salvar vidas<br \/><\/h2>\t\t\t\t<\/div>\n\t\t\t\t<\/div>\n\t\t\t\t<div class=\"elementor-element elementor-element-cb96e50 elementor-widget elementor-widget-text-editor\" data-id=\"cb96e50\" data-element_type=\"widget\" data-e-type=\"widget\" data-widget_type=\"text-editor.default\">\n\t\t\t\t<div class=\"elementor-widget-container\">\n\t\t\t\t\t\t\t\t\t<p>A SENILIFE tem como miss\u00e3o &#8220;Responder&#8221;\u00a0com excel\u00eancia \u00e0s necessidades dos clientes e da comunidade, em geral, pelo desenvolvimento e oferta de produtos e servi\u00e7os que contribuam para a melhoria da sua qualidade de vida.<\/p>\t\t\t\t\t\t\t\t<\/div>\n\t\t\t\t<\/div>\n\t\t\t\t<div class=\"elementor-element elementor-element-2b370ce elementor-widget elementor-widget-button\" data-id=\"2b370ce\" data-element_type=\"widget\" data-e-type=\"widget\" data-widget_type=\"button.default\">\n\t\t\t\t<div class=\"elementor-widget-container\">\n\t\t\t\t\t\t\t\t\t<div class=\"elementor-button-wrapper\">\n\t\t\t\t\t<a class=\"elementor-button elementor-button-link elementor-size-md\" href=\"https:\/\/senilife.pt\/quem-somos\/\">\n\t\t\t\t\t\t<span class=\"elementor-button-content-wrapper\">\n\t\t\t\t\t\t\t\t\t<span class=\"elementor-button-text\">Quem somos?<\/span>\n\t\t\t\t\t<\/span>\n\t\t\t\t\t<\/a>\n\t\t\t\t<\/div>\n\t\t\t\t\t\t\t\t<\/div>\n\t\t\t\t<\/div>\n\t\t\t\t\t<\/div>\n\t\t<\/div>\n\t\t\t\t\t<\/div>\n\t\t<\/section>\n\t\t\t\t<section class=\"elementor-section elementor-top-section elementor-element elementor-element-5a31a26 elementor-section-boxed elementor-section-height-default elementor-section-height-default\" data-id=\"5a31a26\" data-element_type=\"section\" data-e-type=\"section\" data-settings=\"{&quot;background_background&quot;:&quot;classic&quot;}\">\n\t\t\t\t\t\t<div class=\"elementor-container elementor-column-gap-default\">\n\t\t\t\t\t<div class=\"elementor-column elementor-col-100 elementor-top-column elementor-element elementor-element-75fa9f4\" data-id=\"75fa9f4\" data-element_type=\"column\" data-e-type=\"column\">\n\t\t\t<div class=\"elementor-widget-wrap elementor-element-populated\">\n\t\t\t\t\t\t<div class=\"elementor-element elementor-element-121b927 elementor-widget elementor-widget-text-editor\" data-id=\"121b927\" data-element_type=\"widget\" data-e-type=\"widget\" data-widget_type=\"text-editor.default\">\n\t\t\t\t<div class=\"elementor-widget-container\">\n\t\t\t\t\t\t\t\t\t<p>Todos podemos salvar uma vida! A Paragem Cardiorrespirat\u00f3ria (PCR) \u00e9 uma das principais causas de morte em todo o mundo. No entanto, \u00e9 poss\u00edvel combater esta realidade se soubermos como atuar. As chances de sobreviv\u00eancia de uma pessoa em PCR, depende da forma r\u00e1pida e correta com que agimos, devendo desta forma o Suporte B\u00e1sico de Vida (SBV), ser parte integrante da forma\u00e7\u00e3o de cada um de n\u00f3s.<\/p>\t\t\t\t\t\t\t\t<\/div>\n\t\t\t\t<\/div>\n\t\t\t\t\t<\/div>\n\t\t<\/div>\n\t\t\t\t\t<\/div>\n\t\t<\/section>\n\t\t\t\t<section class=\"elementor-section elementor-top-section elementor-element elementor-element-01deb19 elementor-section-boxed elementor-section-height-default elementor-section-height-default\" data-id=\"01deb19\" data-element_type=\"section\" data-e-type=\"section\">\n\t\t\t\t\t\t<div class=\"elementor-container elementor-column-gap-wider\">\n\t\t\t\t\t<div class=\"elementor-column elementor-col-50 elementor-top-column elementor-element elementor-element-4985c09\" data-id=\"4985c09\" data-element_type=\"column\" data-e-type=\"column\">\n\t\t\t<div class=\"elementor-widget-wrap elementor-element-populated\">\n\t\t\t\t\t\t<div class=\"elementor-element elementor-element-c49f042 elementor-widget elementor-widget-image\" data-id=\"c49f042\" data-element_type=\"widget\" data-e-type=\"widget\" data-widget_type=\"image.default\">\n\t\t\t\t<div class=\"elementor-widget-container\">\n\t\t\t\t\t\t\t\t\t\t\t\t\t\t\t<img fetchpriority=\"high\" decoding=\"async\" width=\"600\" height=\"400\" src=\"https:\/\/senilife.pt\/wp-content\/uploads\/2022\/04\/senilife-homepage.jpg\" class=\"attachment-full size-full wp-image-925\" alt=\"\" srcset=\"https:\/\/senilife.pt\/wp-content\/uploads\/2022\/04\/senilife-homepage.jpg 600w, https:\/\/senilife.pt\/wp-content\/uploads\/2022\/04\/senilife-homepage-300x200.jpg 300w\" sizes=\"(max-width: 600px) 100vw, 600px\" \/>\t\t\t\t\t\t\t\t\t\t\t\t\t\t\t<\/div>\n\t\t\t\t<\/div>\n\t\t\t\t\t<\/div>\n\t\t<\/div>\n\t\t\t\t<div class=\"elementor-column elementor-col-50 elementor-top-column elementor-element elementor-element-43b895e\" data-id=\"43b895e\" data-element_type=\"column\" data-e-type=\"column\">\n\t\t\t<div class=\"elementor-widget-wrap elementor-element-populated\">\n\t\t\t\t\t\t<div class=\"elementor-element elementor-element-090c529 elementor-widget elementor-widget-heading\" data-id=\"090c529\" data-element_type=\"widget\" data-e-type=\"widget\" data-widget_type=\"heading.default\">\n\t\t\t\t<div class=\"elementor-widget-container\">\n\t\t\t\t\t<h3 class=\"elementor-heading-title elementor-size-default\">PNDAE<\/h3>\t\t\t\t<\/div>\n\t\t\t\t<\/div>\n\t\t\t\t<div class=\"elementor-element elementor-element-13380e3 elementor-widget elementor-widget-heading\" data-id=\"13380e3\" data-element_type=\"widget\" data-e-type=\"widget\" data-widget_type=\"heading.default\">\n\t\t\t\t<div class=\"elementor-widget-container\">\n\t\t\t\t\t<h3 class=\"elementor-heading-title elementor-size-default\">Programa Nacional de Desfibrilha\u00e7\u00e3o Autom\u00e1tica Externa<\/h3>\t\t\t\t<\/div>\n\t\t\t\t<\/div>\n\t\t\t\t<div class=\"elementor-element elementor-element-9dcf810 elementor-widget elementor-widget-text-editor\" data-id=\"9dcf810\" data-element_type=\"widget\" data-e-type=\"widget\" data-widget_type=\"text-editor.default\">\n\t\t\t\t<div class=\"elementor-widget-container\">\n\t\t\t\t\t\t\t\t\t<p>Programa criado com o objetivo de promover a melhoria da sobrevida das v\u00edtimas de morte s\u00fabita de etiologia card\u00edaca, assim como, refor\u00e7ar a cadeia de sobreviv\u00eancia com vista a garantir a m\u00e1xima probabilidade de sobreviv\u00eancia a uma v\u00edtima de paragem cardiorrespirat\u00f3ria.<\/p><p>O <strong>PNDAE<\/strong> inclui toda a estrutura de suporte \u00e0 utiliza\u00e7\u00e3o de desfibrilhadores autom\u00e1ticos externos (DAE) por operacionais n\u00e3o m\u00e9dicos.<\/p>\t\t\t\t\t\t\t\t<\/div>\n\t\t\t\t<\/div>\n\t\t\t\t<div class=\"elementor-element elementor-element-4468eba elementor-widget elementor-widget-button\" data-id=\"4468eba\" data-element_type=\"widget\" data-e-type=\"widget\" data-widget_type=\"button.default\">\n\t\t\t\t<div class=\"elementor-widget-container\">\n\t\t\t\t\t\t\t\t\t<div class=\"elementor-button-wrapper\">\n\t\t\t\t\t<a class=\"elementor-button elementor-button-link elementor-size-lg\" href=\"https:\/\/senilife.pt\/pndae\/\">\n\t\t\t\t\t\t<span class=\"elementor-button-content-wrapper\">\n\t\t\t\t\t\t\t\t\t<span class=\"elementor-button-text\">SAIBA MAIS<\/span>\n\t\t\t\t\t<\/span>\n\t\t\t\t\t<\/a>\n\t\t\t\t<\/div>\n\t\t\t\t\t\t\t\t<\/div>\n\t\t\t\t<\/div>\n\t\t\t\t\t<\/div>\n\t\t<\/div>\n\t\t\t\t\t<\/div>\n\t\t<\/section>\n\t\t\t\t<section class=\"elementor-section elementor-top-section elementor-element elementor-element-d10426a elementor-section-boxed elementor-section-height-default elementor-section-height-default\" data-id=\"d10426a\" data-element_type=\"section\" data-e-type=\"section\" data-settings=\"{&quot;background_background&quot;:&quot;classic&quot;}\">\n\t\t\t\t\t\t\t<div class=\"elementor-background-overlay\"><\/div>\n\t\t\t\t\t\t\t<div class=\"elementor-container elementor-column-gap-default\">\n\t\t\t\t\t<div class=\"elementor-column elementor-col-100 elementor-top-column elementor-element elementor-element-13c8a30\" data-id=\"13c8a30\" data-element_type=\"column\" data-e-type=\"column\">\n\t\t\t<div class=\"elementor-widget-wrap elementor-element-populated\">\n\t\t\t\t\t\t<div class=\"elementor-element elementor-element-379be1e elementor-widget elementor-widget-heading\" data-id=\"379be1e\" data-element_type=\"widget\" data-e-type=\"widget\" data-widget_type=\"heading.default\">\n\t\t\t\t<div class=\"elementor-widget-container\">\n\t\t\t\t\t<h2 class=\"elementor-heading-title elementor-size-default\">Forma\u00e7\u00f5es em destaque<\/h2>\t\t\t\t<\/div>\n\t\t\t\t<\/div>\n\t\t\t\t<section class=\"elementor-section elementor-inner-section elementor-element elementor-element-ea54119 elementor-section-boxed elementor-section-height-default elementor-section-height-default\" data-id=\"ea54119\" data-element_type=\"section\" data-e-type=\"section\">\n\t\t\t\t\t\t<div class=\"elementor-container elementor-column-gap-default\">\n\t\t\t\t\t<div class=\"elementor-column elementor-col-25 elementor-inner-column elementor-element elementor-element-3f41463\" data-id=\"3f41463\" data-element_type=\"column\" data-e-type=\"column\">\n\t\t\t<div class=\"elementor-widget-wrap elementor-element-populated\">\n\t\t\t\t\t\t<div class=\"elementor-element elementor-element-3c5407a elementor-cta--layout-image-above elementor-cta--skin-classic elementor-animated-content elementor-bg-transform elementor-bg-transform-zoom-in elementor-widget elementor-widget-call-to-action\" data-id=\"3c5407a\" data-element_type=\"widget\" data-e-type=\"widget\" data-widget_type=\"call-to-action.default\">\n\t\t\t\t<div class=\"elementor-widget-container\">\n\t\t\t\t\t\t\t<a class=\"elementor-cta\" href=\"https:\/\/senilife.pt\/cursos\/suporte-basico-de-vida\/\">\n\t\t\t\t\t\t\t<div class=\"elementor-cta__content\">\n\t\t\t\t\t\t\t\t\t<div class=\"elementor-content-item elementor-cta__content-item elementor-icon-wrapper elementor-cta__icon elementor-view-default\">\n\t\t\t\t\t\t<div class=\"elementor-icon\">\n\t\t\t\t\t\t\t<svg xmlns=\"http:\/\/www.w3.org\/2000\/svg\" xmlns:xlink=\"http:\/\/www.w3.org\/1999\/xlink\" id=\"Camada_1\" x=\"0px\" y=\"0px\" viewBox=\"0 0 400 400\" style=\"enable-background:new 0 0 400 400;\" xml:space=\"preserve\"><style type=\"text\/css\">\t.st0{fill:none;stroke:#FFFFFF;stroke-width:5.4792;stroke-linecap:round;stroke-linejoin:round;stroke-miterlimit:10;}\t.st1{fill:none;stroke:#FFFFFF;stroke-width:5.2443;stroke-linecap:round;stroke-linejoin:round;stroke-miterlimit:10;}\t.st2{fill:none;stroke:#FFFFFF;stroke-width:5.5142;stroke-linecap:round;stroke-linejoin:round;stroke-miterlimit:10;}\t.st3{fill:#FFFFFF;stroke:#69B7AF;stroke-width:5.2443;stroke-linecap:round;stroke-linejoin:round;stroke-miterlimit:10;}\t.st4{fill:none;stroke:#69B7AF;stroke-width:5.2443;stroke-linecap:round;stroke-linejoin:round;stroke-miterlimit:10;}<\/style><circle class=\"st3\" cx=\"200\" cy=\"200\" r=\"191.25\"><\/circle><path class=\"st4\" d=\"M171.11,267.17l-17.78-56.75l-5.71,13.94H60.84l9.11,15.22h32.43l63.96,63.96l79.17-79.17h-55.66L171.11,267.17  z M313.84,168.85c-15.8,0-29.01,10.96-32.53,25.68h-13.68c7.81-21.05,3.31-45.63-13.6-62.55c-23.15-23.14-60.68-23.14-83.83,0  l-3.87,3.86l-3.87-3.86c-23.15-23.14-60.68-23.14-83.83,0c-21.34,21.33-22.96,54.88-4.95,78.13h64.39l17.05-41.63l18.21,58.1  l7.21-16.48h101.22v1.68c4.08,13.87,16.89,24.01,32.1,24.01c18.48,0,33.47-14.99,33.47-33.48  C347.31,183.84,332.33,168.86,313.84,168.85z M313.84,220.64c-10.11,0-18.3-8.19-18.3-18.3c0-10.11,8.19-18.3,18.3-18.3  c10.1,0,18.29,8.19,18.3,18.3C332.14,212.44,323.95,220.63,313.84,220.64z\"><\/path><\/svg>\t\t\t\t\t\t<\/div>\n\t\t\t\t\t<\/div>\n\t\t\t\t\n\t\t\t\t\t\t\t\t\t<h3 class=\"elementor-cta__title elementor-cta__content-item elementor-content-item\">\n\t\t\t\t\t\tSuporte B\u00e1sico Vida com DAE\t\t\t\t\t<\/h3>\n\t\t\t\t\n\t\t\t\t\t\t\t\t\t<div class=\"elementor-cta__description elementor-cta__content-item elementor-content-item\">\n\t\t\t\t\t\tN\u00ba de horas: 7\t\t\t\t\t<\/div>\n\t\t\t\t\n\t\t\t\t\t\t\t\t\t<div class=\"elementor-cta__button-wrapper elementor-cta__content-item elementor-content-item \">\n\t\t\t\t\t<span class=\"elementor-cta__button elementor-button elementor-size-xs\">\n\t\t\t\t\t\t+\t\t\t\t\t<\/span>\n\t\t\t\t\t<\/div>\n\t\t\t\t\t\t\t<\/div>\n\t\t\t\t\t\t<\/a>\n\t\t\t\t\t\t<\/div>\n\t\t\t\t<\/div>\n\t\t\t\t\t<\/div>\n\t\t<\/div>\n\t\t\t\t<div class=\"elementor-column elementor-col-25 elementor-inner-column elementor-element elementor-element-5b392d9\" data-id=\"5b392d9\" data-element_type=\"column\" data-e-type=\"column\">\n\t\t\t<div class=\"elementor-widget-wrap elementor-element-populated\">\n\t\t\t\t\t\t<div class=\"elementor-element elementor-element-bc7d7ee elementor-cta--layout-image-above elementor-cta--skin-classic elementor-animated-content elementor-bg-transform elementor-bg-transform-zoom-in elementor-widget elementor-widget-call-to-action\" data-id=\"bc7d7ee\" data-element_type=\"widget\" data-e-type=\"widget\" data-widget_type=\"call-to-action.default\">\n\t\t\t\t<div class=\"elementor-widget-container\">\n\t\t\t\t\t\t\t<a class=\"elementor-cta\" href=\"https:\/\/senilife.pt\/cursos\/primeiros-socorros\/\">\n\t\t\t\t\t\t\t<div class=\"elementor-cta__content\">\n\t\t\t\t\t\t\t\t\t<div class=\"elementor-content-item elementor-cta__content-item elementor-icon-wrapper elementor-cta__icon elementor-view-default\">\n\t\t\t\t\t\t<div class=\"elementor-icon\">\n\t\t\t\t\t\t\t<svg xmlns=\"http:\/\/www.w3.org\/2000\/svg\" xmlns:xlink=\"http:\/\/www.w3.org\/1999\/xlink\" id=\"Camada_1\" x=\"0px\" y=\"0px\" viewBox=\"0 0 400 400\" style=\"enable-background:new 0 0 400 400;\" xml:space=\"preserve\"><style type=\"text\/css\">\t.st0{fill:none;stroke:#FFFFFF;stroke-width:5.4792;stroke-linecap:round;stroke-linejoin:round;stroke-miterlimit:10;}\t.st1{fill:none;stroke:#FFFFFF;stroke-width:5.2443;stroke-linecap:round;stroke-linejoin:round;stroke-miterlimit:10;}\t.st2{fill:none;stroke:#FFFFFF;stroke-width:5.5142;stroke-linecap:round;stroke-linejoin:round;stroke-miterlimit:10;}\t.st3{fill:#FFFFFF;stroke:#69B7AF;stroke-width:5.2443;stroke-linecap:round;stroke-linejoin:round;stroke-miterlimit:10;}\t.st4{fill:none;stroke:#69B7AF;stroke-width:5.2443;stroke-linecap:round;stroke-linejoin:round;stroke-miterlimit:10;}<\/style><circle class=\"st3\" cx=\"200\" cy=\"200\" r=\"191.25\"><\/circle><polygon class=\"st4\" points=\"298,156.44 243.56,156.44 243.56,102 156.44,102 156.44,156.44 102,156.44 102,243.56 156.44,243.56   156.44,298 243.56,298 243.56,243.56 298,243.56 \"><\/polygon><\/svg>\t\t\t\t\t\t<\/div>\n\t\t\t\t\t<\/div>\n\t\t\t\t\n\t\t\t\t\t\t\t\t\t<h3 class=\"elementor-cta__title elementor-cta__content-item elementor-content-item\">\n\t\t\t\t\t\tPrimeiros Socorros\t\t\t\t\t<\/h3>\n\t\t\t\t\n\t\t\t\t\t\t\t\t\t<div class=\"elementor-cta__description elementor-cta__content-item elementor-content-item\">\n\t\t\t\t\t\t\nN\u00ba de horas: 21\t\t\t\t\t<\/div>\n\t\t\t\t\n\t\t\t\t\t\t\t\t\t<div class=\"elementor-cta__button-wrapper elementor-cta__content-item elementor-content-item \">\n\t\t\t\t\t<span class=\"elementor-cta__button elementor-button elementor-size-xs\">\n\t\t\t\t\t\t+\t\t\t\t\t<\/span>\n\t\t\t\t\t<\/div>\n\t\t\t\t\t\t\t<\/div>\n\t\t\t\t\t\t<\/a>\n\t\t\t\t\t\t<\/div>\n\t\t\t\t<\/div>\n\t\t\t\t\t<\/div>\n\t\t<\/div>\n\t\t\t\t<div class=\"elementor-column elementor-col-25 elementor-inner-column elementor-element elementor-element-110347e\" data-id=\"110347e\" data-element_type=\"column\" data-e-type=\"column\">\n\t\t\t<div class=\"elementor-widget-wrap elementor-element-populated\">\n\t\t\t\t\t\t<div class=\"elementor-element elementor-element-7015453 elementor-cta--layout-image-above elementor-cta--skin-classic elementor-animated-content elementor-bg-transform elementor-bg-transform-zoom-in elementor-widget elementor-widget-call-to-action\" data-id=\"7015453\" data-element_type=\"widget\" data-e-type=\"widget\" data-widget_type=\"call-to-action.default\">\n\t\t\t\t<div class=\"elementor-widget-container\">\n\t\t\t\t\t\t\t<a class=\"elementor-cta\" href=\"https:\/\/senilife.pt\/cursos\/seguranca-contra-incendios\/\">\n\t\t\t\t\t\t\t<div class=\"elementor-cta__content\">\n\t\t\t\t\t\t\t\t\t<div class=\"elementor-content-item elementor-cta__content-item elementor-icon-wrapper elementor-cta__icon elementor-view-default\">\n\t\t\t\t\t\t<div class=\"elementor-icon\">\n\t\t\t\t\t\t\t<svg xmlns=\"http:\/\/www.w3.org\/2000\/svg\" xmlns:xlink=\"http:\/\/www.w3.org\/1999\/xlink\" id=\"Camada_1\" x=\"0px\" y=\"0px\" viewBox=\"0 0 400 400\" style=\"enable-background:new 0 0 400 400;\" xml:space=\"preserve\"><style type=\"text\/css\">\t.st0{fill:none;stroke:#FFFFFF;stroke-width:5.4792;stroke-linecap:round;stroke-linejoin:round;stroke-miterlimit:10;}\t.st1{fill:none;stroke:#FFFFFF;stroke-width:5.2443;stroke-linecap:round;stroke-linejoin:round;stroke-miterlimit:10;}\t.st2{fill:none;stroke:#FFFFFF;stroke-width:5.5142;stroke-linecap:round;stroke-linejoin:round;stroke-miterlimit:10;}\t.st3{fill:#FFFFFF;stroke:#69B7AF;stroke-width:5.2443;stroke-linecap:round;stroke-linejoin:round;stroke-miterlimit:10;}\t.st4{fill:none;stroke:#69B7AF;stroke-width:5.2443;stroke-linecap:round;stroke-linejoin:round;stroke-miterlimit:10;}<\/style><circle class=\"st3\" cx=\"200\" cy=\"200\" r=\"191.25\"><\/circle><g>\t<polyline class=\"st4\" points=\"290.46,298 290.46,201.72 300.28,208.7 314.28,183.24 200.01,102 160.27,130.25 160.27,117.8    124.62,117.8 124.62,155.6 85.73,183.24 99.71,208.7 109.53,201.72 109.53,298  \"><\/polyline>\t<line class=\"st4\" x1=\"100.6\" y1=\"298\" x2=\"299.4\" y2=\"298\"><\/line>\t<path class=\"st4\" d=\"M332.35,237.41c16.87-9.77,28.25-27.98,28.25-48.89s-11.38-39.11-28.25-48.89\"><\/path>\t<path class=\"st4\" d=\"M319.59,218.03c10.19-5.9,17.06-16.89,17.06-29.51c0-12.62-6.87-23.61-17.06-29.51\"><\/path>\t<path class=\"st4\" d=\"M67.65,237.4c-16.87-9.77-28.25-27.98-28.25-48.89c0-20.91,11.38-39.11,28.25-48.89\"><\/path>\t<path class=\"st4\" d=\"M80.41,218.02c-10.19-5.9-17.06-16.89-17.06-29.51c0-12.62,6.87-23.61,17.06-29.51\"><\/path>\t<path class=\"st4\" d=\"M250.41,231.8c2.23-26.28-21.27-43.26-21.27-43.26c4.95,17.3-7.74,31.79-7.74,31.79s-16.99-23.92-1.97-67.65   c0,0-25.81,12.73-38.49,50.36c0,0-7.96-14.62-2.93-29.67c-54.13,46.23-21.58,98.78,17.43,101.32   C232.55,277.11,248.83,250.45,250.41,231.8z\"><\/path>\t<path class=\"st4\" d=\"M167.01,237.33c4.33,10.43,13.6,18.21,24.21,20.82\"><\/path><\/g><\/svg>\t\t\t\t\t\t<\/div>\n\t\t\t\t\t<\/div>\n\t\t\t\t\n\t\t\t\t\t\t\t\t\t<h3 class=\"elementor-cta__title elementor-cta__content-item elementor-content-item\">\n\t\t\t\t\t\tSeguran\u00e7a contra Inc\u00eandios\t\t\t\t\t<\/h3>\n\t\t\t\t\n\t\t\t\t\t\t\t\t\t<div class=\"elementor-cta__description elementor-cta__content-item elementor-content-item\">\n\t\t\t\t\t\t\nN\u00ba de horas: 8\t\t\t\t\t<\/div>\n\t\t\t\t\n\t\t\t\t\t\t\t\t\t<div class=\"elementor-cta__button-wrapper elementor-cta__content-item elementor-content-item \">\n\t\t\t\t\t<span class=\"elementor-cta__button elementor-button elementor-size-xs\">\n\t\t\t\t\t\t+\t\t\t\t\t<\/span>\n\t\t\t\t\t<\/div>\n\t\t\t\t\t\t\t<\/div>\n\t\t\t\t\t\t<\/a>\n\t\t\t\t\t\t<\/div>\n\t\t\t\t<\/div>\n\t\t\t\t\t<\/div>\n\t\t<\/div>\n\t\t\t\t<div class=\"elementor-column elementor-col-25 elementor-inner-column elementor-element elementor-element-3777efe\" data-id=\"3777efe\" data-element_type=\"column\" data-e-type=\"column\">\n\t\t\t<div class=\"elementor-widget-wrap elementor-element-populated\">\n\t\t\t\t\t\t<div class=\"elementor-element elementor-element-623e0e3 elementor-cta--layout-image-above elementor-cta--skin-classic elementor-animated-content elementor-bg-transform elementor-bg-transform-zoom-in elementor-widget elementor-widget-call-to-action\" data-id=\"623e0e3\" data-element_type=\"widget\" data-e-type=\"widget\" data-widget_type=\"call-to-action.default\">\n\t\t\t\t<div class=\"elementor-widget-container\">\n\t\t\t\t\t\t\t<a class=\"elementor-cta\" href=\"https:\/\/senilife.pt\/cursos\/equipas-de-evacuacao\/\">\n\t\t\t\t\t\t\t<div class=\"elementor-cta__content\">\n\t\t\t\t\t\t\t\t\t<div class=\"elementor-content-item elementor-cta__content-item elementor-icon-wrapper elementor-cta__icon elementor-view-default\">\n\t\t\t\t\t\t<div class=\"elementor-icon\">\n\t\t\t\t\t\t\t<svg xmlns=\"http:\/\/www.w3.org\/2000\/svg\" xmlns:xlink=\"http:\/\/www.w3.org\/1999\/xlink\" id=\"Camada_1\" x=\"0px\" y=\"0px\" viewBox=\"0 0 400 400\" style=\"enable-background:new 0 0 400 400;\" xml:space=\"preserve\"><style type=\"text\/css\">\t.st0{fill:none;stroke:#FFFFFF;stroke-width:5.4792;stroke-linecap:round;stroke-linejoin:round;stroke-miterlimit:10;}\t.st1{fill:none;stroke:#FFFFFF;stroke-width:5.2443;stroke-linecap:round;stroke-linejoin:round;stroke-miterlimit:10;}\t.st2{fill:none;stroke:#FFFFFF;stroke-width:5.5142;stroke-linecap:round;stroke-linejoin:round;stroke-miterlimit:10;}\t.st3{fill:#FFFFFF;stroke:#69B7AF;stroke-width:5.2443;stroke-linecap:round;stroke-linejoin:round;stroke-miterlimit:10;}\t.st4{fill:none;stroke:#69B7AF;stroke-width:5.2443;stroke-linecap:round;stroke-linejoin:round;stroke-miterlimit:10;}<\/style><circle class=\"st3\" cx=\"200\" cy=\"200\" r=\"191.25\"><\/circle><g>\t<polygon class=\"st4\" points=\"307.69,298 226.37,282.49 226.37,117.51 307.69,102  \"><\/polygon>\t<path class=\"st4\" d=\"M256.86,211.23c0,4.58-3.07,8.31-6.86,8.31c-3.8,0-6.86-3.72-6.86-8.31c0-4.6,3.06-8.32,6.86-8.32   C253.8,202.91,256.86,206.63,256.86,211.23z\"><\/path>\t<path class=\"st4\" d=\"M149.25,246.02l-5.99,12.65c-0.7,1.64-2.74,3.06-4.51,3.17l-40.37,3.85c-1.32-0.14-5.28-1.02-6-6.87   c-0.78-6.34,4.47-7.78,4.47-7.78l30.23-5.62l6.79-19.06\"><\/path>\t<path class=\"st4\" d=\"M168.98,166.47c-9.48,0.51-37.93,1.83-37.93,1.83c-2.86,0.21-4.46,2.24-6.01,4.4l-15.12,22.16   c0,0-2.46,4.7,2.8,8.34c4.19,2.89,7.09,0.6,7.84-0.3l16.04-19.16l15.42,2.71l-15.23,23.57c-2.04,4.13-6.03,12.21-1.8,18.38   l21.6,25.46l-6.02,31.25c0,0-0.35,5.1,5.88,6.62c4.55,1.11,8-0.75,8.67-3.12l11.46-40.41c0.54-1.7-0.03-4.13-1.25-5.41   l-15.74-19.58l11.77-16.08l1.14,7.3c0.24,1.22,0.94,2.81,2.19,3.45c8.32,4.28,31.09,13.98,31.09,13.98   c3.06,1.24,6.05-1.54,7.2-3.55c2.33-4.07-0.53-7.64-0.53-7.64l-23.64-15.74c0,0-1.14-16.96-2.02-23.58   C185.86,174.52,177.29,166.02,168.98,166.47z\"><\/path>\t<path class=\"st4\" d=\"M194.75,129.98c-9.7,0-17.57,7.87-17.57,17.57c0,9.71,7.87,17.57,17.57,17.57c9.7,0,17.57-7.87,17.57-17.57   C212.32,137.85,204.45,129.98,194.75,129.98z\"><\/path><\/g><\/svg>\t\t\t\t\t\t<\/div>\n\t\t\t\t\t<\/div>\n\t\t\t\t\n\t\t\t\t\t\t\t\t\t<h3 class=\"elementor-cta__title elementor-cta__content-item elementor-content-item\">\n\t\t\t\t\t\tEquipas de Evacua\u00e7\u00e3o\t\t\t\t\t<\/h3>\n\t\t\t\t\n\t\t\t\t\t\t\t\t\t<div class=\"elementor-cta__description elementor-cta__content-item elementor-content-item\">\n\t\t\t\t\t\tN\u00ba de horas: 6\t\t\t\t\t<\/div>\n\t\t\t\t\n\t\t\t\t\t\t\t\t\t<div class=\"elementor-cta__button-wrapper elementor-cta__content-item elementor-content-item \">\n\t\t\t\t\t<span class=\"elementor-cta__button elementor-button elementor-size-xs\">\n\t\t\t\t\t\t+\t\t\t\t\t<\/span>\n\t\t\t\t\t<\/div>\n\t\t\t\t\t\t\t<\/div>\n\t\t\t\t\t\t<\/a>\n\t\t\t\t\t\t<\/div>\n\t\t\t\t<\/div>\n\t\t\t\t\t<\/div>\n\t\t<\/div>\n\t\t\t\t\t<\/div>\n\t\t<\/section>\n\t\t\t\t<div class=\"elementor-element elementor-element-e5b80f4 elementor-align-center elementor-widget elementor-widget-button\" data-id=\"e5b80f4\" data-element_type=\"widget\" data-e-type=\"widget\" data-widget_type=\"button.default\">\n\t\t\t\t<div class=\"elementor-widget-container\">\n\t\t\t\t\t\t\t\t\t<div class=\"elementor-button-wrapper\">\n\t\t\t\t\t<a class=\"elementor-button elementor-button-link elementor-size-lg\" href=\"https:\/\/senilife.pt\/formacao\/\">\n\t\t\t\t\t\t<span class=\"elementor-button-content-wrapper\">\n\t\t\t\t\t\t\t\t\t<span class=\"elementor-button-text\">VER TODOS OS CURSOS<\/span>\n\t\t\t\t\t<\/span>\n\t\t\t\t\t<\/a>\n\t\t\t\t<\/div>\n\t\t\t\t\t\t\t\t<\/div>\n\t\t\t\t<\/div>\n\t\t\t\t\t<\/div>\n\t\t<\/div>\n\t\t\t\t\t<\/div>\n\t\t<\/section>\n\t\t\t\t<\/div>\n\t\t","protected":false},"excerpt":{"rendered":"<p>Ajudamos a salvar vidas A SENILIFE tem como miss\u00e3o &#8220;Responder&#8221;\u00a0com excel\u00eancia \u00e0s necessidades dos clientes e da comunidade, em geral, pelo desenvolvimento e oferta de produtos e servi\u00e7os que contribuam para a melhoria da sua qualidade de vida. Quem somos? Todos podemos salvar uma vida! A Paragem Cardiorrespirat\u00f3ria (PCR) \u00e9 uma das principais causas de&#8230;<\/p>\n","protected":false},"author":1,"featured_media":0,"parent":0,"menu_order":0,"comment_status":"closed","ping_status":"closed","template":"elementor_header_footer","meta":{"_kad_post_transparent":"","_kad_post_title":"hide","_kad_post_layout":"fullwidth","_kad_post_sidebar_id":"","_kad_post_content_style":"unboxed","_kad_post_vertical_padding":"hide","_kad_post_feature":"hide","_kad_post_feature_position":"","_kad_post_header":false,"_kad_post_footer":false,"footnotes":""},"class_list":["post-15","page","type-page","status-publish","hentry"],"_links":{"self":[{"href":"https:\/\/senilife.pt\/index.php?rest_route=\/wp\/v2\/pages\/15","targetHints":{"allow":["GET"]}}],"collection":[{"href":"https:\/\/senilife.pt\/index.php?rest_route=\/wp\/v2\/pages"}],"about":[{"href":"https:\/\/senilife.pt\/index.php?rest_route=\/wp\/v2\/types\/page"}],"author":[{"embeddable":true,"href":"https:\/\/senilife.pt\/index.php?rest_route=\/wp\/v2\/users\/1"}],"replies":[{"embeddable":true,"href":"https:\/\/senilife.pt\/index.php?rest_route=%2Fwp%2Fv2%2Fcomments&post=15"}],"version-history":[{"count":301,"href":"https:\/\/senilife.pt\/index.php?rest_route=\/wp\/v2\/pages\/15\/revisions"}],"predecessor-version":[{"id":1601,"href":"https:\/\/senilife.pt\/index.php?rest_route=\/wp\/v2\/pages\/15\/revisions\/1601"}],"wp:attachment":[{"href":"https:\/\/senilife.pt\/index.php?rest_route=%2Fwp%2Fv2%2Fmedia&parent=15"}],"curies":[{"name":"wp","href":"https:\/\/api.w.org\/{rel}","templated":true}]}}