{"id":389,"date":"2021-05-24T13:43:16","date_gmt":"2021-05-24T13:43:16","guid":{"rendered":"https:\/\/senilife.gwdeveloping.com\/?page_id=389"},"modified":"2023-10-13T11:39:59","modified_gmt":"2023-10-13T11:39:59","slug":"pndae","status":"publish","type":"page","link":"https:\/\/senilife.pt\/?page_id=389","title":{"rendered":"PNDAE"},"content":{"rendered":"\t\t<div data-elementor-type=\"wp-page\" data-elementor-id=\"389\" class=\"elementor elementor-389\" data-elementor-post-type=\"page\">\n\t\t\t\t\t\t<section class=\"elementor-section elementor-top-section elementor-element elementor-element-5330e15 elementor-section-boxed elementor-section-height-default elementor-section-height-default\" data-id=\"5330e15\" data-element_type=\"section\" data-e-type=\"section\" data-settings=\"{&quot;background_background&quot;:&quot;classic&quot;}\">\n\t\t\t\t\t\t\t<div class=\"elementor-background-overlay\"><\/div>\n\t\t\t\t\t\t\t<div class=\"elementor-container elementor-column-gap-default\">\n\t\t\t\t\t<div class=\"elementor-column elementor-col-100 elementor-top-column elementor-element elementor-element-0f254c6\" data-id=\"0f254c6\" data-element_type=\"column\" data-e-type=\"column\">\n\t\t\t<div class=\"elementor-widget-wrap elementor-element-populated\">\n\t\t\t\t\t\t<div class=\"elementor-element elementor-element-da76550 elementor-widget elementor-widget-heading\" data-id=\"da76550\" data-element_type=\"widget\" data-e-type=\"widget\" data-widget_type=\"heading.default\">\n\t\t\t\t<div class=\"elementor-widget-container\">\n\t\t\t\t\t<h2 class=\"elementor-heading-title elementor-size-default\">PNDAE<\/h2>\t\t\t\t<\/div>\n\t\t\t\t<\/div>\n\t\t\t\t<div class=\"elementor-element elementor-element-70f5c57 elementor-widget elementor-widget-text-editor\" data-id=\"70f5c57\" data-element_type=\"widget\" data-e-type=\"widget\" data-widget_type=\"text-editor.default\">\n\t\t\t\t<div class=\"elementor-widget-container\">\n\t\t\t\t\t\t\t\t\t<p>Programa Nacional de Desfibrilha\u00e7\u00e3o Autom\u00e1tica Externa<\/p>\t\t\t\t\t\t\t\t<\/div>\n\t\t\t\t<\/div>\n\t\t\t\t\t<\/div>\n\t\t<\/div>\n\t\t\t\t\t<\/div>\n\t\t<\/section>\n\t\t\t\t<section class=\"elementor-section elementor-top-section elementor-element elementor-element-2e35de6 elementor-section-boxed elementor-section-height-default elementor-section-height-default\" data-id=\"2e35de6\" data-element_type=\"section\" data-e-type=\"section\">\n\t\t\t\t\t\t<div class=\"elementor-container elementor-column-gap-wide\">\n\t\t\t\t\t<div class=\"elementor-column elementor-col-50 elementor-top-column elementor-element elementor-element-318f3b3\" data-id=\"318f3b3\" data-element_type=\"column\" data-e-type=\"column\">\n\t\t\t<div class=\"elementor-widget-wrap elementor-element-populated\">\n\t\t\t\t\t\t<div class=\"elementor-element elementor-element-4c5c3d6 elementor-widget elementor-widget-heading\" data-id=\"4c5c3d6\" data-element_type=\"widget\" data-e-type=\"widget\" data-widget_type=\"heading.default\">\n\t\t\t\t<div class=\"elementor-widget-container\">\n\t\t\t\t\t<h3 class=\"elementor-heading-title elementor-size-default\">Porqu\u00ea desfibrilha\u00e7\u00e3o?<\/h3>\t\t\t\t<\/div>\n\t\t\t\t<\/div>\n\t\t\t\t<div class=\"elementor-element elementor-element-ff86baf elementor-widget elementor-widget-text-editor\" data-id=\"ff86baf\" data-element_type=\"widget\" data-e-type=\"widget\" data-widget_type=\"text-editor.default\">\n\t\t\t\t<div class=\"elementor-widget-container\">\n\t\t\t\t\t\t\t\t\t<p>O Cora\u00e7\u00e3o \u00e9 um m\u00fasculo que tem um sistema el\u00e9trico, e todos os sistemas el\u00e9tricos t\u00eam falhas. A Desfibrilha\u00e7\u00e3o atua como um Reset.<\/p>\t\t\t\t\t\t\t\t<\/div>\n\t\t\t\t<\/div>\n\t\t\t\t<div class=\"elementor-element elementor-element-c83a56c elementor-widget elementor-widget-button\" data-id=\"c83a56c\" data-element_type=\"widget\" data-e-type=\"widget\" data-widget_type=\"button.default\">\n\t\t\t\t<div class=\"elementor-widget-container\">\n\t\t\t\t\t\t\t\t\t<div class=\"elementor-button-wrapper\">\n\t\t\t\t\t<a class=\"elementor-button elementor-button-link elementor-size-sm\" href=\"\/contactos\" target=\"_blank\">\n\t\t\t\t\t\t<span class=\"elementor-button-content-wrapper\">\n\t\t\t\t\t\t\t\t\t<span class=\"elementor-button-text\">Contacte-nos<\/span>\n\t\t\t\t\t<\/span>\n\t\t\t\t\t<\/a>\n\t\t\t\t<\/div>\n\t\t\t\t\t\t\t\t<\/div>\n\t\t\t\t<\/div>\n\t\t\t\t\t<\/div>\n\t\t<\/div>\n\t\t\t\t<div class=\"elementor-column elementor-col-50 elementor-top-column elementor-element elementor-element-c83faba\" data-id=\"c83faba\" data-element_type=\"column\" data-e-type=\"column\" data-settings=\"{&quot;background_background&quot;:&quot;classic&quot;}\">\n\t\t\t<div class=\"elementor-widget-wrap elementor-element-populated\">\n\t\t\t\t\t\t<div class=\"elementor-element elementor-element-9c92e13 elementor-widget elementor-widget-heading\" data-id=\"9c92e13\" data-element_type=\"widget\" data-e-type=\"widget\" data-widget_type=\"heading.default\">\n\t\t\t\t<div class=\"elementor-widget-container\">\n\t\t\t\t\t<h3 class=\"elementor-heading-title elementor-size-default\">Em que consiste um programa de DAE?<\/h3>\t\t\t\t<\/div>\n\t\t\t\t<\/div>\n\t\t\t\t<div class=\"elementor-element elementor-element-51f66ae elementor-widget elementor-widget-text-editor\" data-id=\"51f66ae\" data-element_type=\"widget\" data-e-type=\"widget\" data-widget_type=\"text-editor.default\">\n\t\t\t\t<div class=\"elementor-widget-container\">\n\t\t\t\t\t\t\t\t\t<div class=\"elementor-element elementor-element-7b36d52 elementor-widget elementor-widget-text-editor\" data-id=\"7b36d52\" data-element_type=\"widget\" data-widget_type=\"text-editor.default\">\n<div class=\"elementor-widget-container\">\n<div class=\"elementor-text-editor elementor-clearfix\">\n<p><strong>Forma\u00e7\u00e3o<\/strong><\/p>\n<p>7 Horas de forma\u00e7\u00e3o em que os principais temas s\u00e3o:<\/p>\n<ul>\n<li>Cadeia de Sobreviv\u00eancia<\/li>\n<li>Algoritmo do Suporte B\u00e1sico de Vida<\/li>\n<li>Algoritmo de Actua\u00e7\u00e3o com Desfibrilhador Autom\u00e1tico Externo<\/li>\n<\/ul>\n<p><strong>Equipamentos<\/strong><\/p>\n<ul>\n<li>DAE<\/li>\n<li>Caixa para DAE<\/li>\n<li>Sinal\u00e9tica<\/li>\n<\/ul>\n<p><strong>Certifica\u00e7\u00e3o e Controlo M\u00e9dico<\/strong><\/p>\n<ul>\n<li>Certifica\u00e7\u00e3o e manuten\u00e7\u00e3o dos equipamentos DAE\u2019s<\/li>\n<li>Controlo m\u00e9dico e Auditoria<\/li>\n<\/ul>\n<\/div>\n<\/div>\n<\/div>\t\t\t\t\t\t\t\t<\/div>\n\t\t\t\t<\/div>\n\t\t\t\t\t<\/div>\n\t\t<\/div>\n\t\t\t\t\t<\/div>\n\t\t<\/section>\n\t\t\t\t<\/div>\n\t\t","protected":false},"excerpt":{"rendered":"<p>PNDAE Programa Nacional de Desfibrilha\u00e7\u00e3o Autom\u00e1tica Externa Porqu\u00ea desfibrilha\u00e7\u00e3o? O Cora\u00e7\u00e3o \u00e9 um m\u00fasculo que tem um sistema el\u00e9trico, e todos os sistemas el\u00e9tricos t\u00eam falhas. A Desfibrilha\u00e7\u00e3o atua como um Reset. Legisla\u00e7\u00e3o O\u00a0Programa Nacional de Desfibrilha\u00e7\u00e3o Autom\u00e1tica Externa (PNDAE)\u00a0foi desenvolvido\u00a0ap\u00f3s a publica\u00e7\u00e3o do\u00a0Decreto-Lei 188\/2009\u00a0de 12 de agosto que veio estabelecer as regras a que&#8230;<\/p>\n","protected":false},"author":1,"featured_media":0,"parent":0,"menu_order":0,"comment_status":"closed","ping_status":"closed","template":"elementor_header_footer","meta":{"_kad_post_transparent":"","_kad_post_title":"hide","_kad_post_layout":"fullwidth","_kad_post_sidebar_id":"","_kad_post_content_style":"unboxed","_kad_post_vertical_padding":"hide","_kad_post_feature":"hide","_kad_post_feature_position":"","_kad_post_header":false,"_kad_post_footer":false,"footnotes":""},"class_list":["post-389","page","type-page","status-publish","hentry"],"_links":{"self":[{"href":"https:\/\/senilife.pt\/index.php?rest_route=\/wp\/v2\/pages\/389","targetHints":{"allow":["GET"]}}],"collection":[{"href":"https:\/\/senilife.pt\/index.php?rest_route=\/wp\/v2\/pages"}],"about":[{"href":"https:\/\/senilife.pt\/index.php?rest_route=\/wp\/v2\/types\/page"}],"author":[{"embeddable":true,"href":"https:\/\/senilife.pt\/index.php?rest_route=\/wp\/v2\/users\/1"}],"replies":[{"embeddable":true,"href":"https:\/\/senilife.pt\/index.php?rest_route=%2Fwp%2Fv2%2Fcomments&post=389"}],"version-history":[{"count":64,"href":"https:\/\/senilife.pt\/index.php?rest_route=\/wp\/v2\/pages\/389\/revisions"}],"predecessor-version":[{"id":1507,"href":"https:\/\/senilife.pt\/index.php?rest_route=\/wp\/v2\/pages\/389\/revisions\/1507"}],"wp:attachment":[{"href":"https:\/\/senilife.pt\/index.php?rest_route=%2Fwp%2Fv2%2Fmedia&parent=389"}],"curies":[{"name":"wp","href":"https:\/\/api.w.org\/{rel}","templated":true}]}}